{"id":23,"date":"2023-12-08T11:46:08","date_gmt":"2023-12-08T11:46:08","guid":{"rendered":"https:\/\/web-home.info\/pohlmann-energietechnik.de\/?page_id=23"},"modified":"2024-11-19T13:07:49","modified_gmt":"2024-11-19T12:07:49","slug":"solar","status":"publish","type":"page","link":"https:\/\/pohlmann-energietechnik.de\/?page_id=23","title":{"rendered":"Solar"},"content":{"rendered":"<div class=\"entry-content\">\n<h3>Solar- und Energietechnik<\/h3>\n<div class=\"wp-block-image\">\n<figure class=\"alignright\"><a href=\"https:\/\/web.archive.org\/web\/20221003054543\/http:\/\/web-home.info\/typo3akra\/index.php?eID=tx_cms_showpic&amp;file=uploads%2Fpics%2Fsolar_bw_schema.jpg&amp;md5=202a5402f0d829c474784ef203f1c88a4a76195c&amp;parameters[0]=YTo0OntzOjU6IndpZHRoIjtzOjQ6IjgwMG0iO3M6NjoiaGVpZ2h0IjtzOjQ6IjYw&amp;parameters[1]=MG0iO3M6NzoiYm9keVRhZyI7czo0MToiPGJvZHkgc3R5bGU9Im1hcmdpbjowOyBi&amp;parameters[2]=YWNrZ3JvdW5kOiNmZmY7Ij4iO3M6NDoid3JhcCI7czozNzoiPGEgaHJlZj0iamF2&amp;parameters[3]=YXNjcmlwdDpjbG9zZSgpOyI%2BIHwgPC9hPiI7fQ%3D%3D\"><img decoding=\"async\" src=\"https:\/\/web.archive.org\/web\/20221003054543im_\/http:\/\/web-home.info\/typo3akra\/typo3temp\/pics\/4c7ac8d89a.jpg\" alt=\"\" \/><\/a><figcaption>Solar- und Energietechnik<\/figcaption><\/figure>\n<\/div>\n<p>Wir bieten Ihnen Produkte unserer Partner <a href=\"https:\/\/viessmann.de\/\" target=\"_blank\" rel=\"noreferrer noopener\">Viessmann<\/a> und <a href=\"https:\/\/wolf.eu\/\" target=\"_blank\" rel=\"noreferrer noopener\" aria-label=\"Wolf  (\u00f6ffnet in neuem Tab)\">Wolf<\/a> an. Schauen Sie dort einmal herein; Sie finden u.&nbsp;a. auch Prospekte und technische Datenbl\u00e4tter.<\/p>\n<h3>Das Spektrum<\/h3>\n<ul>\n<li>Solarthermie<\/li>\n<li>Solare L\u00fcftung, Entfeuchtung und Beheizung<\/li>\n<li>Solarstrom\/Photovoltaik<\/li>\n<li>Kontrollierte Wohnungsl\u00fcftung<\/li>\n<li>Brennwerttechnik<\/li>\n<li>W\u00e4rmepumpen<\/li>\n<li>Pelletsheizanlagen<\/li>\n<li>Systeme f\u00fcr Niedrigenergie- und Passivh\u00e4user<\/li>\n<li>Service- und Dienstleistungen<\/li>\n<li>F\u00f6rderprogramme<\/li>\n<\/ul>\n<\/div>\n","protected":false},"excerpt":{"rendered":"<p>Solar- und Energietechnik Solar- und Energietechnik Wir bieten Ihnen Produkte unserer Partner Viessmann und Wolf an. Schauen Sie dort einmal herein; Sie finden u.&nbsp;a. auch Prospekte und technische Datenbl\u00e4tter. Das Spektrum Solarthermie Solare L\u00fcftung, Entfeuchtung und Beheizung Solarstrom\/Photovoltaik Kontrollierte Wohnungsl\u00fcftung Brennwerttechnik W\u00e4rmepumpen Pelletsheizanlagen Systeme f\u00fcr Niedrigenergie- und Passivh\u00e4user Service- und Dienstleistungen F\u00f6rderprogramme<\/p>\n","protected":false},"author":1,"featured_media":0,"parent":0,"menu_order":0,"comment_status":"closed","ping_status":"closed","template":"","meta":{"footnotes":""},"class_list":["post-23","page","type-page","status-publish","hentry","post"],"_links":{"self":[{"href":"https:\/\/pohlmann-energietechnik.de\/index.php?rest_route=\/wp\/v2\/pages\/23","targetHints":{"allow":["GET"]}}],"collection":[{"href":"https:\/\/pohlmann-energietechnik.de\/index.php?rest_route=\/wp\/v2\/pages"}],"about":[{"href":"https:\/\/pohlmann-energietechnik.de\/index.php?rest_route=\/wp\/v2\/types\/page"}],"author":[{"embeddable":true,"href":"https:\/\/pohlmann-energietechnik.de\/index.php?rest_route=\/wp\/v2\/users\/1"}],"replies":[{"embeddable":true,"href":"https:\/\/pohlmann-energietechnik.de\/index.php?rest_route=%2Fwp%2Fv2%2Fcomments&post=23"}],"version-history":[{"count":3,"href":"https:\/\/pohlmann-energietechnik.de\/index.php?rest_route=\/wp\/v2\/pages\/23\/revisions"}],"predecessor-version":[{"id":48,"href":"https:\/\/pohlmann-energietechnik.de\/index.php?rest_route=\/wp\/v2\/pages\/23\/revisions\/48"}],"wp:attachment":[{"href":"https:\/\/pohlmann-energietechnik.de\/index.php?rest_route=%2Fwp%2Fv2%2Fmedia&parent=23"}],"curies":[{"name":"wp","href":"https:\/\/api.w.org\/{rel}","templated":true}]}}