{"id":25,"date":"2023-12-08T11:47:51","date_gmt":"2023-12-08T11:47:51","guid":{"rendered":"https:\/\/web-home.info\/pohlmann-energietechnik.de\/?page_id=25"},"modified":"2023-12-08T11:47:51","modified_gmt":"2023-12-08T11:47:51","slug":"sanitaer","status":"publish","type":"page","link":"https:\/\/pohlmann-energietechnik.de\/?page_id=25","title":{"rendered":"Sanit\u00e4r"},"content":{"rendered":"<div class=\"entry-content\">\n<h2>Sanit\u00e4r-Technik<\/h2>\n<p>Wir k\u00fcmmern uns um Ihre W\u00fcnsche \u2014 auch im Bad. Dort kommt es nicht nur auf einwandfreie Technik an, sondern auch auf das Aussehen.<\/p>\n<p>Unsere L\u00f6sungskonzepte im Sanit\u00e4rbereich k\u00f6nnen sich sehen lassen; schauen Sie selbst:<\/p>\n<ul class=\"wp-container-2 wp-block-gallery-1 wp-block-gallery columns-2 is-cropped\">\n<li class=\"blocks-gallery-item\">\n<figure><img loading=\"lazy\" decoding=\"async\" class=\"wp-image-211\" src=\"https:\/\/web.archive.org\/web\/20221003051416im_\/http:\/\/web-home.info\/wpakra\/pohlmann-energietechnik\/wp-content\/uploads\/sites\/7\/2019\/04\/DSCN1069.jpg\" sizes=\"auto, (max-width: 1200px) 100vw, 1200px\" srcset=\"https:\/\/web.archive.org\/web\/20221003051416im_\/http:\/\/web-home.info\/wpakra\/pohlmann-energietechnik\/wp-content\/uploads\/sites\/7\/2019\/04\/DSCN1069.jpg 1200w, https:\/\/web.archive.org\/web\/20221003051416im_\/http:\/\/web-home.info\/wpakra\/pohlmann-energietechnik\/wp-content\/uploads\/sites\/7\/2019\/04\/DSCN1069-225x300.jpg 225w, https:\/\/web.archive.org\/web\/20221003051416im_\/http:\/\/web-home.info\/wpakra\/pohlmann-energietechnik\/wp-content\/uploads\/sites\/7\/2019\/04\/DSCN1069-768x1024.jpg 768w\" alt=\"\" width=\"1200\" height=\"1600\" data-id=\"211\" data-link=\"https:\/\/web.archive.org\/web\/20221003051416\/http:\/\/web-home.info\/wpakra\/pohlmann-energietechnik\/?attachment_id=211#main\" \/><\/figure>\n<\/li>\n<li class=\"blocks-gallery-item\">\n<figure><img loading=\"lazy\" decoding=\"async\" class=\"wp-image-212\" src=\"https:\/\/web.archive.org\/web\/20221003051416im_\/http:\/\/web-home.info\/wpakra\/pohlmann-energietechnik\/wp-content\/uploads\/sites\/7\/2019\/04\/DSCN1071.jpg\" sizes=\"auto, (max-width: 1200px) 100vw, 1200px\" srcset=\"https:\/\/web.archive.org\/web\/20221003051416im_\/http:\/\/web-home.info\/wpakra\/pohlmann-energietechnik\/wp-content\/uploads\/sites\/7\/2019\/04\/DSCN1071.jpg 1200w, https:\/\/web.archive.org\/web\/20221003051416im_\/http:\/\/web-home.info\/wpakra\/pohlmann-energietechnik\/wp-content\/uploads\/sites\/7\/2019\/04\/DSCN1071-225x300.jpg 225w, https:\/\/web.archive.org\/web\/20221003051416im_\/http:\/\/web-home.info\/wpakra\/pohlmann-energietechnik\/wp-content\/uploads\/sites\/7\/2019\/04\/DSCN1071-768x1024.jpg 768w\" alt=\"\" width=\"1200\" height=\"1600\" data-id=\"212\" data-link=\"https:\/\/web.archive.org\/web\/20221003051416\/http:\/\/web-home.info\/wpakra\/pohlmann-energietechnik\/?attachment_id=212#main\" \/><\/figure>\n<\/li>\n<\/ul>\n<\/div>\n","protected":false},"excerpt":{"rendered":"<p>Sanit\u00e4r-Technik Wir k\u00fcmmern uns um Ihre W\u00fcnsche \u2014 auch im Bad. Dort kommt es nicht nur auf einwandfreie Technik an, sondern auch auf das Aussehen. Unsere L\u00f6sungskonzepte im Sanit\u00e4rbereich k\u00f6nnen sich sehen lassen; schauen Sie selbst:<\/p>\n","protected":false},"author":1,"featured_media":0,"parent":0,"menu_order":0,"comment_status":"closed","ping_status":"closed","template":"","meta":{"footnotes":""},"class_list":["post-25","page","type-page","status-publish","hentry","post"],"_links":{"self":[{"href":"https:\/\/pohlmann-energietechnik.de\/index.php?rest_route=\/wp\/v2\/pages\/25","targetHints":{"allow":["GET"]}}],"collection":[{"href":"https:\/\/pohlmann-energietechnik.de\/index.php?rest_route=\/wp\/v2\/pages"}],"about":[{"href":"https:\/\/pohlmann-energietechnik.de\/index.php?rest_route=\/wp\/v2\/types\/page"}],"author":[{"embeddable":true,"href":"https:\/\/pohlmann-energietechnik.de\/index.php?rest_route=\/wp\/v2\/users\/1"}],"replies":[{"embeddable":true,"href":"https:\/\/pohlmann-energietechnik.de\/index.php?rest_route=%2Fwp%2Fv2%2Fcomments&post=25"}],"version-history":[{"count":1,"href":"https:\/\/pohlmann-energietechnik.de\/index.php?rest_route=\/wp\/v2\/pages\/25\/revisions"}],"predecessor-version":[{"id":26,"href":"https:\/\/pohlmann-energietechnik.de\/index.php?rest_route=\/wp\/v2\/pages\/25\/revisions\/26"}],"wp:attachment":[{"href":"https:\/\/pohlmann-energietechnik.de\/index.php?rest_route=%2Fwp%2Fv2%2Fmedia&parent=25"}],"curies":[{"name":"wp","href":"https:\/\/api.w.org\/{rel}","templated":true}]}}